{"id":754,"date":"2025-05-11T23:31:59","date_gmt":"2025-05-11T21:31:59","guid":{"rendered":"https:\/\/freezbefrance.com\/?page_id=754"},"modified":"2025-12-06T12:29:06","modified_gmt":"2025-12-06T11:29:06","slug":"contact","status":"publish","type":"page","link":"https:\/\/freezbefrance.com\/index.php\/contact\/","title":{"rendered":"Contact"},"content":{"rendered":"\n<div class=\"wp-block-cover alignfull\" style=\"padding-top:2%;min-height:30rem;aspect-ratio:unset;\"><img loading=\"lazy\" decoding=\"async\" width=\"1024\" height=\"602\" class=\"wp-block-cover__image-background wp-image-826 size-large\" alt=\"\" src=\"https:\/\/freezbefrance.com\/wp-content\/uploads\/2025\/05\/fruits-et-legumes-4-1024x602.jpg\" data-object-fit=\"cover\" srcset=\"https:\/\/freezbefrance.com\/wp-content\/uploads\/2025\/05\/fruits-et-legumes-4-1024x602.jpg 1024w, https:\/\/freezbefrance.com\/wp-content\/uploads\/2025\/05\/fruits-et-legumes-4-300x176.jpg 300w, https:\/\/freezbefrance.com\/wp-content\/uploads\/2025\/05\/fruits-et-legumes-4-768x452.jpg 768w, https:\/\/freezbefrance.com\/wp-content\/uploads\/2025\/05\/fruits-et-legumes-4-1536x904.jpg 1536w, https:\/\/freezbefrance.com\/wp-content\/uploads\/2025\/05\/fruits-et-legumes-4-2048x1205.jpg 2048w\" sizes=\"auto, (max-width: 1024px) 100vw, 1024px\" \/><span aria-hidden=\"true\" class=\"wp-block-cover__background has-black-background-color has-background-dim-30 has-background-dim\"><\/span><div class=\"wp-block-cover__inner-container has-global-padding is-layout-constrained wp-container-core-cover-is-layout-ee51f2d2 wp-block-cover-is-layout-constrained\">\n<div class=\"wp-block-group alignwide is-vertical is-content-justification-center is-layout-flex wp-container-core-group-is-layout-5e763914 wp-block-group-is-layout-flex\" style=\"min-height:8rem\">\n<div class=\"wp-block-group has-global-padding is-layout-constrained wp-container-core-group-is-layout-bea02a06 wp-block-group-is-layout-constrained\">\n<h2 class=\"wp-block-heading has-text-align-center has-text-color\" style=\"color:#f9f9f9;margin-top:0rem;margin-bottom:1.01rem;font-size:clamp(2.071rem, 2.071rem + ((1vw - 0.2rem) * 2.98), 3.71rem);font-style:normal;font-weight:400;line-height:1;text-transform:capitalize\">CONTACTEZ NOUS<\/h2>\n<\/div>\n<\/div>\n<\/div><\/div>\n\n\n\n<div class=\"wp-block-cover alignfull is-light has-custom-color-1-color has-text-color\" style=\"padding-top:5rem;padding-right:20px;padding-bottom:6rem;padding-left:20px;min-height:856px;aspect-ratio:unset;\"><span aria-hidden=\"true\" class=\"wp-block-cover__background has-custom-color-1-background-color has-background-dim-0 has-background-dim\"><\/span><div class=\"wp-block-cover__inner-container has-global-padding is-layout-constrained wp-container-core-cover-is-layout-5fc17374 wp-block-cover-is-layout-constrained\">\n<h2 class=\"wp-block-heading has-text-align-center has-text-color\" style=\"color:#1e293b;margin-bottom:2.71rem;font-size:clamp(24.034px, 1.502rem + ((1vw - 3.2px) * 1.814), 40px);font-style:normal;font-weight:500\">Notre Equipe<\/h2>\n\n\n\n<div class=\"wp-block-columns is-layout-flex wp-container-core-columns-is-layout-5bafef9e wp-block-columns-is-layout-flex\" style=\"margin-top:65px;padding-top:0px;padding-right:50px;padding-bottom:0px;padding-left:50px\">\n<div class=\"wp-block-column is-layout-flow wp-container-core-column-is-layout-fe0e2ea3 wp-block-column-is-layout-flow\">\n<div class=\"wp-block-kadence-image kb-image754_9a77ef-45\"><figure class=\"aligncenter size-large\"><img loading=\"lazy\" decoding=\"async\" width=\"482\" height=\"488\" src=\"https:\/\/freezbefrance.com\/wp-content\/uploads\/2025\/12\/PHOTO-GREG.png\" alt=\"\" class=\"kb-img wp-image-941\" srcset=\"https:\/\/freezbefrance.com\/wp-content\/uploads\/2025\/12\/PHOTO-GREG.png 482w, https:\/\/freezbefrance.com\/wp-content\/uploads\/2025\/12\/PHOTO-GREG-296x300.png 296w\" sizes=\"auto, (max-width: 482px) 100vw, 482px\" \/><\/figure><\/div>\n\n\n\n<h4 class=\"wp-block-heading has-text-align-center has-text-color has-link-color wp-elements-0a2927c36202bab4f081a795adebd64c\" style=\"color:#1e293b;margin-top:1.75rem;font-size:clamp(16.293px, 1.018rem + ((1vw - 3.2px) * 0.989), 25px);font-style:normal;font-weight:500\">Gr\u00e9gory NIORT<\/h4>\n\n\n\n<p class=\"has-text-align-center has-text-color\" style=\"color:#334155;margin-bottom:1.5rem;font-size:clamp(14px, 0.875rem + ((1vw - 3.2px) * 0.227), 16px);\">20 ans d\u2019exp\u00e9rience dans la r\u00e9frig\u00e9ration<br>industrielle.<br>De technicien \u00e0 Responsable Export en Afrique<br>depuis 10 ans.<\/p>\n\n\n\n<p class=\"has-text-align-center\">\ud83d\udcde <strong>T\u00e9l\u00e9phone Gr\u00e9gory<\/strong> <strong>:<\/strong> +33 667 343 468<\/p>\n\n\n\n<p class=\"has-text-align-center\">\ud83d\udce7 <strong>Email<\/strong> : <a>freezbefrance@gmail.com<\/a><\/p>\n<\/div>\n\n\n\n<div class=\"wp-block-column is-layout-flow wp-container-core-column-is-layout-fe0e2ea3 wp-block-column-is-layout-flow\">\n<figure class=\"wp-block-image aligncenter size-full is-resized\"><img loading=\"lazy\" decoding=\"async\" width=\"490\" height=\"535\" src=\"https:\/\/freezbefrance.com\/wp-content\/uploads\/2025\/12\/PHOTO-MORGANE.png\" alt=\"\" class=\"wp-image-943\" style=\"aspect-ratio:0.9159420289855073;width:315px;height:auto\" srcset=\"https:\/\/freezbefrance.com\/wp-content\/uploads\/2025\/12\/PHOTO-MORGANE.png 490w, https:\/\/freezbefrance.com\/wp-content\/uploads\/2025\/12\/PHOTO-MORGANE-275x300.png 275w\" sizes=\"auto, (max-width: 490px) 100vw, 490px\" \/><\/figure>\n\n\n\n<h4 class=\"wp-block-heading has-text-align-center has-text-color has-link-color wp-elements-c08888333b8906e71e223a651c248797\" style=\"color:#1e293b;margin-top:1.75rem;font-size:clamp(16.293px, 1.018rem + ((1vw - 3.2px) * 0.989), 25px);font-style:normal;font-weight:500\">Morgane BEUNAICHE<\/h4>\n\n\n\n<p class=\"has-text-align-center has-text-color\" style=\"color:#334155;margin-bottom:1.5rem;font-size:clamp(14px, 0.875rem + ((1vw - 3.2px) * 0.227), 16px);\">5 ans d\u2019exp\u00e9rience en commerce et11 ans dans<br>la formation professionnelle dans de grands<br>groupes industriels.<\/p>\n\n\n\n<p class=\"has-text-align-center\">\ud83d\udcde <strong>T\u00e9l\u00e9phone Morgane :<\/strong> +33 659 177 388<\/p>\n\n\n\n<p class=\"has-text-align-center\">\ud83d\udce7 <strong>Email<\/strong> : <a>freezbefrance@gmail.com<\/a><\/p>\n<\/div>\n<\/div>\n<\/div><\/div>\n\n\n\n<section class=\"wp-block-group alignfull has-text-color has-global-padding is-layout-constrained wp-container-core-group-is-layout-4252d6ba wp-block-group-is-layout-constrained\" style=\"color:#03081e;margin-top:0px;padding-top:6.51rem;padding-right:1rem;padding-bottom:5.5rem;padding-left:1rem;font-size:clamp(0.875rem, 0.875rem + ((1vw - 0.2rem) * 0.464), 1.13rem);font-style:normal;font-weight:400;line-height:1.4\">\n<h2 class=\"wp-block-heading has-text-align-center\"><strong>Votre projet :<\/strong><\/h2>\n\n\n\n<div class=\"wp-block-group alignfull has-text-color has-global-padding is-layout-constrained wp-container-core-group-is-layout-9f6dfefa wp-block-group-is-layout-constrained\" style=\"color:#252525;margin-top:0px;padding-top:0rem;padding-right:1rem;padding-bottom:0rem;padding-left:1rem;font-size:clamp(0.875rem, 0.875rem + ((1vw - 0.2rem) * 0.464), 1.13rem);font-style:normal;font-weight:400;line-height:1.4\"><\/div>\n\n\n\n<div class=\"wpcf7 no-js\" id=\"wpcf7-f922-o1\" lang=\"fr-FR\" dir=\"ltr\" data-wpcf7-id=\"922\">\n<div class=\"screen-reader-response\"><p role=\"status\" aria-live=\"polite\" aria-atomic=\"true\"><\/p> <ul><\/ul><\/div>\n<form action=\"\/index.php\/wp-json\/wp\/v2\/pages\/754#wpcf7-f922-o1\" method=\"post\" class=\"wpcf7-form init\" aria-label=\"Formulaire de contact\" novalidate=\"novalidate\" data-status=\"init\">\n<fieldset class=\"hidden-fields-container\"><input type=\"hidden\" name=\"_wpcf7\" value=\"922\" \/><input type=\"hidden\" name=\"_wpcf7_version\" value=\"6.1.2\" \/><input type=\"hidden\" name=\"_wpcf7_locale\" value=\"fr_FR\" \/><input type=\"hidden\" name=\"_wpcf7_unit_tag\" value=\"wpcf7-f922-o1\" \/><input type=\"hidden\" name=\"_wpcf7_container_post\" value=\"0\" \/><input type=\"hidden\" name=\"_wpcf7_posted_data_hash\" value=\"\" \/>\n<\/fieldset>\n<p><label> Votre nom<br \/>\n<span class=\"wpcf7-form-control-wrap\" data-name=\"your-name\"><input size=\"40\" maxlength=\"400\" class=\"wpcf7-form-control wpcf7-text wpcf7-validates-as-required\" autocomplete=\"name\" aria-required=\"true\" aria-invalid=\"false\" value=\"\" type=\"text\" name=\"your-name\" \/><\/span> <\/label>\n<\/p>\n<p><label> Votre e-mail<br \/>\n<span class=\"wpcf7-form-control-wrap\" data-name=\"your-email\"><input size=\"40\" maxlength=\"400\" class=\"wpcf7-form-control wpcf7-email wpcf7-validates-as-required wpcf7-text wpcf7-validates-as-email\" autocomplete=\"email\" aria-required=\"true\" aria-invalid=\"false\" value=\"\" type=\"email\" name=\"your-email\" \/><\/span> <\/label>\n<\/p>\n<p><label> Objet<br \/>\n<span class=\"wpcf7-form-control-wrap\" data-name=\"your-subject\"><input size=\"40\" maxlength=\"400\" class=\"wpcf7-form-control wpcf7-text wpcf7-validates-as-required\" aria-required=\"true\" aria-invalid=\"false\" value=\"\" type=\"text\" name=\"your-subject\" \/><\/span> <\/label>\n<\/p>\n<p><label> Votre message (facultatif)<br \/>\n<span class=\"wpcf7-form-control-wrap\" data-name=\"your-message\"><textarea cols=\"40\" rows=\"10\" maxlength=\"2000\" class=\"wpcf7-form-control wpcf7-textarea\" aria-invalid=\"false\" name=\"your-message\"><\/textarea><\/span> <\/label>\n<\/p>\n<p><input class=\"wpcf7-form-control wpcf7-submit has-spinner\" type=\"submit\" value=\"Envoyer\" \/>\n<\/p><div class=\"wpcf7-response-output\" aria-hidden=\"true\"><\/div>\n<\/form>\n<\/div>\n\n<\/section>\n\n\n\n<section class=\"wp-block-cover alignfull has-custom-content-position is-position-top-center\" style=\"margin-top:0px;padding-top:0rem;padding-bottom:0px;min-height:710px;aspect-ratio:unset;\"><img loading=\"lazy\" decoding=\"async\" width=\"1024\" height=\"602\" class=\"wp-block-cover__image-background wp-image-842 size-large\" alt=\"\" src=\"https:\/\/freezbefrance.com\/wp-content\/uploads\/2025\/05\/fruits-et-legumes-5-1024x602.jpg\" data-object-fit=\"cover\" srcset=\"https:\/\/freezbefrance.com\/wp-content\/uploads\/2025\/05\/fruits-et-legumes-5-1024x602.jpg 1024w, https:\/\/freezbefrance.com\/wp-content\/uploads\/2025\/05\/fruits-et-legumes-5-300x176.jpg 300w, https:\/\/freezbefrance.com\/wp-content\/uploads\/2025\/05\/fruits-et-legumes-5-768x452.jpg 768w, https:\/\/freezbefrance.com\/wp-content\/uploads\/2025\/05\/fruits-et-legumes-5-1536x904.jpg 1536w, https:\/\/freezbefrance.com\/wp-content\/uploads\/2025\/05\/fruits-et-legumes-5-2048x1205.jpg 2048w\" sizes=\"auto, (max-width: 1024px) 100vw, 1024px\" \/><span aria-hidden=\"true\" class=\"wp-block-cover__background has-background-dim\" style=\"background-color:#060606\"><\/span><div class=\"wp-block-cover__inner-container has-global-padding is-layout-constrained wp-container-core-cover-is-layout-823da4a9 wp-block-cover-is-layout-constrained\">\n<div class=\"wp-block-group is-vertical is-content-justification-stretch is-layout-flex wp-container-core-group-is-layout-7e924153 wp-block-group-is-layout-flex\" style=\"margin-top:8%\">\n<h2 class=\"wp-block-heading has-text-align-center has-text-color\" style=\"color:#f4f5f6;margin-bottom:1.11rem;font-size:clamp(1.255rem, 1.255rem + ((1vw - 0.2rem) * 1.373), 2.01rem);font-style:normal;font-weight:500;line-height:1.2\"><strong>Contactez l\u2019\u00e9quipe Freezbe<\/strong><br>N\u2019h\u00e9sitez pas \u00e0 nous joindre \u2014 notre \u00e9quipe est \u00e0 votre \u00e9coute pour vous apporter conseils, expertise et solutions sur mesure !<\/h2>\n\n\n\n<div class=\"wp-block-group has-global-padding is-layout-constrained wp-container-core-group-is-layout-2218ac57 wp-block-group-is-layout-constrained\" style=\"padding-top:5%;padding-bottom:4.01rem\">\n<div class=\"wp-block-columns is-not-stacked-on-mobile is-layout-flex wp-container-core-columns-is-layout-7e464bea wp-block-columns-is-layout-flex\">\n<div class=\"wp-block-column is-layout-flow wp-block-column-is-layout-flow\" style=\"flex-basis:100%\"><\/div>\n<\/div>\n<\/div>\n<\/div>\n<\/div><\/section>\n\n\n\n<p><\/p>\n","protected":false},"excerpt":{"rendered":"<p>Votre projet :<\/p>\n","protected":false},"author":1,"featured_media":0,"parent":0,"menu_order":0,"comment_status":"closed","ping_status":"closed","template":"","meta":{"_kadence_starter_templates_imported_post":false,"footnotes":""},"class_list":["post-754","page","type-page","status-publish","hentry"],"_links":{"self":[{"href":"https:\/\/freezbefrance.com\/index.php\/wp-json\/wp\/v2\/pages\/754","targetHints":{"allow":["GET"]}}],"collection":[{"href":"https:\/\/freezbefrance.com\/index.php\/wp-json\/wp\/v2\/pages"}],"about":[{"href":"https:\/\/freezbefrance.com\/index.php\/wp-json\/wp\/v2\/types\/page"}],"author":[{"embeddable":true,"href":"https:\/\/freezbefrance.com\/index.php\/wp-json\/wp\/v2\/users\/1"}],"replies":[{"embeddable":true,"href":"https:\/\/freezbefrance.com\/index.php\/wp-json\/wp\/v2\/comments?post=754"}],"version-history":[{"count":16,"href":"https:\/\/freezbefrance.com\/index.php\/wp-json\/wp\/v2\/pages\/754\/revisions"}],"predecessor-version":[{"id":945,"href":"https:\/\/freezbefrance.com\/index.php\/wp-json\/wp\/v2\/pages\/754\/revisions\/945"}],"wp:attachment":[{"href":"https:\/\/freezbefrance.com\/index.php\/wp-json\/wp\/v2\/media?parent=754"}],"curies":[{"name":"wp","href":"https:\/\/api.w.org\/{rel}","templated":true}]}}