{"id":752,"date":"2025-05-11T23:31:38","date_gmt":"2025-05-11T21:31:38","guid":{"rendered":"https:\/\/freezbefrance.com\/?page_id=752"},"modified":"2025-10-29T08:10:36","modified_gmt":"2025-10-29T07:10:36","slug":"votre-projet","status":"publish","type":"page","link":"https:\/\/freezbefrance.com\/index.php\/votre-projet\/","title":{"rendered":"Blog"},"content":{"rendered":"\n<div class=\"wp-block-cover alignfull is-light\" style=\"margin-top:0;margin-bottom:0;padding-top:0px;padding-bottom:80px;min-height:300px;aspect-ratio:unset;\"><img decoding=\"async\" class=\"wp-block-cover__image-background wp-image-4206\" alt=\"\" src=\"https:\/\/tyler.com\/wp-content\/uploads\/2023\/12\/surf-banner1.jpg\" style=\"object-position:100% 48%\" data-object-fit=\"cover\" data-object-position=\"100% 48%\"\/><span aria-hidden=\"true\" class=\"wp-block-cover__background has-background-dim-0 has-background-dim\" style=\"background-color:#e9ceb0\"><\/span><div class=\"wp-block-cover__inner-container has-global-padding is-layout-constrained wp-container-core-cover-is-layout-d4c6b484 wp-block-cover-is-layout-constrained\">\n<div style=\"height:150px\" aria-hidden=\"true\" class=\"wp-block-spacer\"><\/div>\n\n\n\n<h1 class=\"wp-block-heading has-text-align-center has-text-color has-link-color has-suranna-font-family wp-elements-3f22e620c70c4fe95a9fc575dd6d1011\" style=\"color:#ffffff;font-size:clamp(38.682px, 2.418rem + ((1vw - 3.2px) * 3.786), 72px);font-style:normal;font-weight:500\">Derni\u00e8res Informations<\/h1>\n<\/div><\/div>\n\n\n\n<div class=\"wp-block-group alignfull has-background has-global-padding is-layout-constrained wp-container-core-group-is-layout-66c5860e wp-block-group-is-layout-constrained\" style=\"background-color:#fefcf4;margin-top:0;margin-bottom:0;padding-top:60px;padding-right:21px;padding-bottom:100px;padding-left:21px\">\n<div class=\"wp-block-columns is-layout-flex wp-container-core-columns-is-layout-76023efe wp-block-columns-is-layout-flex\" style=\"margin-top:40px\">\n<div class=\"wp-block-column is-layout-flow wp-container-core-column-is-layout-29333b1a wp-block-column-is-layout-flow\">\n<figure class=\"wp-block-image size-full\"><img loading=\"lazy\" decoding=\"async\" width=\"687\" height=\"452\" src=\"https:\/\/freezbefrance.com\/wp-content\/uploads\/2025\/05\/Capture-decran-2025-05-20-153144.png\" alt=\"\" class=\"wp-image-888\" style=\"aspect-ratio:3\/2;object-fit:cover\" srcset=\"https:\/\/freezbefrance.com\/wp-content\/uploads\/2025\/05\/Capture-decran-2025-05-20-153144.png 687w, https:\/\/freezbefrance.com\/wp-content\/uploads\/2025\/05\/Capture-decran-2025-05-20-153144-300x197.png 300w\" sizes=\"auto, (max-width: 687px) 100vw, 687px\" \/><\/figure>\n\n\n\n<div style=\"height:20px\" aria-hidden=\"true\" class=\"wp-block-spacer\"><\/div>\n\n\n\n<h5 class=\"wp-block-heading has-text-align-center has-text-color\" style=\"color:#6dbf5a;font-size:clamp(14px, 0.875rem + ((1vw - 3.2px) * 0.455), 18px);font-style:normal;font-weight:400;text-transform:uppercase\">ASTUCES FRAICHES<\/h5>\n\n\n\n<h4 class=\"wp-block-heading has-text-align-center has-text-color\" style=\"color:#be5a9b;font-size:clamp(14px, 0.875rem + ((1vw - 3.2px) * 0.682), 20px);font-style:normal;font-weight:400\"><em>Comment \u00e9viter la condensation dans vos chambres froides ?<\/em><\/h4>\n\n\n\n<div style=\"height:25px\" aria-hidden=\"true\" class=\"wp-block-spacer\"><\/div>\n\n\n\n<p class=\"has-text-align-center has-text-color\" style=\"color:#000000;font-size:clamp(14px, 0.875rem + ((1vw - 3.2px) * 0.341), 17px);\">Un exc\u00e8s d\u2019humidit\u00e9 acc\u00e9l\u00e8re la d\u00e9gradation des produits. Veillez \u00e0 ce que vos portes soient bien \u00e9tanches, que les entr\u00e9es et sorties soient rapides, et pensez \u00e0 un d\u00e9shumidificateur si n\u00e9cessaire. Moins de bu\u00e9e, plus de fra\u00eecheur\u202f!<\/p>\n<\/div>\n\n\n\n<div class=\"wp-block-column is-layout-flow wp-container-core-column-is-layout-29333b1a wp-block-column-is-layout-flow\">\n<figure class=\"wp-block-image size-full\"><img loading=\"lazy\" decoding=\"async\" width=\"632\" height=\"457\" src=\"https:\/\/freezbefrance.com\/wp-content\/uploads\/2025\/05\/Capture-decran-2025-05-20-153345.png\" alt=\"\" class=\"wp-image-889\" style=\"aspect-ratio:3\/2;object-fit:cover\" srcset=\"https:\/\/freezbefrance.com\/wp-content\/uploads\/2025\/05\/Capture-decran-2025-05-20-153345.png 632w, https:\/\/freezbefrance.com\/wp-content\/uploads\/2025\/05\/Capture-decran-2025-05-20-153345-300x217.png 300w\" sizes=\"auto, (max-width: 632px) 100vw, 632px\" \/><\/figure>\n\n\n\n<div style=\"height:20px\" aria-hidden=\"true\" class=\"wp-block-spacer\"><\/div>\n\n\n\n<h5 class=\"wp-block-heading has-text-align-center has-text-color\" style=\"color:#6dbf5a;font-size:clamp(14px, 0.875rem + ((1vw - 3.2px) * 0.455), 18px);font-style:normal;font-weight:400;text-transform:uppercase\">Bon r\u00e9flexe<\/h5>\n\n\n\n<h4 class=\"wp-block-heading has-text-align-center has-text-color\" style=\"color:#be5a9b;font-size:clamp(14px, 0.875rem + ((1vw - 3.2px) * 0.682), 20px);font-style:normal;font-weight:400\">Un contr\u00f4le visuel rapide par jour = moins de pertes<\/h4>\n\n\n\n<div style=\"height:25px\" aria-hidden=\"true\" class=\"wp-block-spacer\"><\/div>\n\n\n\n<p class=\"has-text-align-center has-text-color\" style=\"color:#020202;font-size:clamp(14px, 0.875rem + ((1vw - 3.2px) * 0.341), 17px);\">Avant d\u2019ouvrir la chambre froide, un petit coup d\u2019\u0153il \u00e0 vos relev\u00e9s de temp\u00e9rature peut \u00e9viter des d\u00e9g\u00e2ts. Et en cas d\u2019\u00e9cart ? Appelez-nous, on est l\u00e0.<\/p>\n<\/div>\n\n\n\n<div class=\"wp-block-column is-layout-flow wp-container-core-column-is-layout-29333b1a wp-block-column-is-layout-flow\">\n<figure class=\"wp-block-image size-full\"><img loading=\"lazy\" decoding=\"async\" width=\"437\" height=\"382\" src=\"https:\/\/freezbefrance.com\/wp-content\/uploads\/2025\/05\/Capture-decran-2025-05-20-153435.png\" alt=\"\" class=\"wp-image-890\" style=\"aspect-ratio:3\/2;object-fit:cover\" srcset=\"https:\/\/freezbefrance.com\/wp-content\/uploads\/2025\/05\/Capture-decran-2025-05-20-153435.png 437w, https:\/\/freezbefrance.com\/wp-content\/uploads\/2025\/05\/Capture-decran-2025-05-20-153435-300x262.png 300w\" sizes=\"auto, (max-width: 437px) 100vw, 437px\" \/><\/figure>\n\n\n\n<div style=\"height:20px\" aria-hidden=\"true\" class=\"wp-block-spacer\"><\/div>\n\n\n\n<h5 class=\"wp-block-heading has-text-align-center has-text-color\" style=\"color:#6dbf5a;font-size:clamp(14px, 0.875rem + ((1vw - 3.2px) * 0.455), 18px);font-style:normal;font-weight:400;text-transform:uppercase\">Tendance<\/h5>\n\n\n\n<h4 class=\"wp-block-heading has-text-align-center has-text-color\" style=\"color:#be5a9b;font-size:clamp(14px, 0.875rem + ((1vw - 3.2px) * 0.682), 20px);font-style:normal;font-weight:400\">Le CO2, l\u2019avenir du froid industriel ?<\/h4>\n\n\n\n<div style=\"height:25px\" aria-hidden=\"true\" class=\"wp-block-spacer\"><\/div>\n\n\n\n<p class=\"has-text-align-center has-text-color\" style=\"color:#000000;font-size:clamp(14px, 0.875rem + ((1vw - 3.2px) * 0.341), 17px);\">Avec les contraintes sur les HFC, les installations au CO2 gagnent du terrain. Ce fluide naturel, efficace et durable, s\u00e9duit de plus en plus d\u2019industriels. Chez Freezbe, on vous accompagne dans la transition.<\/p>\n<\/div>\n<\/div>\n\n\n\n<div class=\"wp-block-columns is-layout-flex wp-container-core-columns-is-layout-dea159eb wp-block-columns-is-layout-flex\" style=\"margin-top:60px\">\n<div class=\"wp-block-column is-layout-flow wp-container-core-column-is-layout-29333b1a wp-block-column-is-layout-flow\">\n<figure class=\"wp-block-image size-full\"><img loading=\"lazy\" decoding=\"async\" width=\"677\" height=\"438\" src=\"https:\/\/freezbefrance.com\/wp-content\/uploads\/2025\/05\/Capture-decran-2025-05-20-153705.png\" alt=\"\" class=\"wp-image-891\" style=\"aspect-ratio:3\/2;object-fit:cover\" srcset=\"https:\/\/freezbefrance.com\/wp-content\/uploads\/2025\/05\/Capture-decran-2025-05-20-153705.png 677w, https:\/\/freezbefrance.com\/wp-content\/uploads\/2025\/05\/Capture-decran-2025-05-20-153705-300x194.png 300w\" sizes=\"auto, (max-width: 677px) 100vw, 677px\" \/><\/figure>\n\n\n\n<div style=\"height:20px\" aria-hidden=\"true\" class=\"wp-block-spacer\"><\/div>\n\n\n\n<h5 class=\"wp-block-heading has-text-align-center has-text-color\" style=\"color:#6dbf5a;font-size:clamp(14px, 0.875rem + ((1vw - 3.2px) * 0.455), 18px);font-style:normal;font-weight:400;text-transform:uppercase\">Le saviez-vous ?<\/h5>\n\n\n\n<h4 class=\"wp-block-heading has-text-align-center has-text-color\" style=\"color:#be5a9b;font-size:clamp(14px, 0.875rem + ((1vw - 3.2px) * 0.682), 20px);font-style:normal;font-weight:400\">Le vacuum cooling peut refroidir une salade en moins de 30 minutes<\/h4>\n\n\n\n<div style=\"height:25px\" aria-hidden=\"true\" class=\"wp-block-spacer\"><\/div>\n\n\n\n<p class=\"has-text-align-center has-text-color\" style=\"color:#000000;font-size:clamp(14px, 0.875rem + ((1vw - 3.2px) * 0.341), 17px);\">Contrairement aux syst\u00e8mes traditionnels, le refroidissement sous vide retire l\u2019humidit\u00e9 par \u00e9vaporation. R\u00e9sultat : une baisse rapide et homog\u00e8ne de la temp\u00e9rature, id\u00e9ale pour les produits feuillus.<\/p>\n<\/div>\n\n\n\n<div class=\"wp-block-column is-layout-flow wp-container-core-column-is-layout-29333b1a wp-block-column-is-layout-flow\">\n<figure class=\"wp-block-image size-full\"><img loading=\"lazy\" decoding=\"async\" width=\"432\" height=\"488\" src=\"https:\/\/freezbefrance.com\/wp-content\/uploads\/2025\/05\/Capture-decran-2025-05-20-153922.png\" alt=\"\" class=\"wp-image-893\" style=\"aspect-ratio:3\/2;object-fit:cover\" srcset=\"https:\/\/freezbefrance.com\/wp-content\/uploads\/2025\/05\/Capture-decran-2025-05-20-153922.png 432w, https:\/\/freezbefrance.com\/wp-content\/uploads\/2025\/05\/Capture-decran-2025-05-20-153922-266x300.png 266w\" sizes=\"auto, (max-width: 432px) 100vw, 432px\" \/><\/figure>\n\n\n\n<div style=\"height:20px\" aria-hidden=\"true\" class=\"wp-block-spacer\"><\/div>\n\n\n\n<h5 class=\"wp-block-heading has-text-align-center has-text-color\" style=\"color:#6dbf5a;font-size:clamp(14px, 0.875rem + ((1vw - 3.2px) * 0.455), 18px);font-style:normal;font-weight:400;text-transform:uppercase\">R\u00e9glementation<\/h5>\n\n\n\n<h4 class=\"wp-block-heading has-text-align-center has-text-color\" style=\"color:#be5a9b;font-size:clamp(14px, 0.875rem + ((1vw - 3.2px) * 0.682), 20px);font-style:normal;font-weight:400\">F-Gaz 2025 : ce qui change pour vous<\/h4>\n\n\n\n<div style=\"height:25px\" aria-hidden=\"true\" class=\"wp-block-spacer\"><\/div>\n\n\n\n<p class=\"has-text-align-center has-text-color\" style=\"color:#000000;font-size:clamp(14px, 0.875rem + ((1vw - 3.2px) * 0.341), 17px);\">La r\u00e9glementation europ\u00e9enne va durcir les quotas de fluides HFC d\u00e8s janvier 2025. Cela impacte les installations existantes et les projets \u00e0 venir. Anticipez avec des solutions bas carbone (CO2, NH3, R-290\u2026).<\/p>\n<\/div>\n\n\n\n<div class=\"wp-block-column is-layout-flow wp-container-core-column-is-layout-29333b1a wp-block-column-is-layout-flow\">\n<figure class=\"wp-block-image size-full\"><img loading=\"lazy\" decoding=\"async\" width=\"608\" height=\"377\" src=\"https:\/\/freezbefrance.com\/wp-content\/uploads\/2025\/05\/Capture-decran-2025-05-20-154055.png\" alt=\"\" class=\"wp-image-894\" style=\"aspect-ratio:3\/2;object-fit:cover\" srcset=\"https:\/\/freezbefrance.com\/wp-content\/uploads\/2025\/05\/Capture-decran-2025-05-20-154055.png 608w, https:\/\/freezbefrance.com\/wp-content\/uploads\/2025\/05\/Capture-decran-2025-05-20-154055-300x186.png 300w\" sizes=\"auto, (max-width: 608px) 100vw, 608px\" \/><\/figure>\n\n\n\n<div style=\"height:20px\" aria-hidden=\"true\" class=\"wp-block-spacer\"><\/div>\n\n\n\n<h5 class=\"wp-block-heading has-text-align-center has-text-color\" style=\"color:#6dbf5a;font-size:clamp(14px, 0.875rem + ((1vw - 3.2px) * 0.455), 18px);font-style:normal;font-weight:400;text-transform:uppercase\">Le saviez-vous ?<\/h5>\n\n\n\n<h4 class=\"wp-block-heading has-text-align-center has-text-color\" style=\"color:#be5a9b;font-size:clamp(14px, 0.875rem + ((1vw - 3.2px) * 0.682), 20px);font-style:normal;font-weight:400\">Les fraises respirent m\u00eame au froid.<\/h4>\n\n\n\n<div style=\"height:25px\" aria-hidden=\"true\" class=\"wp-block-spacer\"><\/div>\n\n\n\n<p class=\"has-text-align-center has-text-color\" style=\"color:#000000;font-size:clamp(14px, 0.875rem + ((1vw - 3.2px) * 0.341), 17px);\">M\u00eame stock\u00e9es en chambre froide, les fraises continuent de consommer de l\u2019oxyg\u00e8ne. Un taux d\u2019humidit\u00e9 contr\u00f4l\u00e9 et une temp\u00e9rature stable permettent de prolonger leur dur\u00e9e de vie de 30 \u00e0 50\u202f%.<\/p>\n<\/div>\n<\/div>\n<\/div>\n\n\n\n<div class=\"wp-block-group alignfull has-background has-global-padding is-layout-constrained wp-container-core-group-is-layout-66c5860e wp-block-group-is-layout-constrained\" style=\"background-color:#fefcf4;margin-top:0;margin-bottom:0;padding-top:60px;padding-right:21px;padding-bottom:100px;padding-left:21px\">\n<div class=\"wp-block-columns is-layout-flex wp-container-core-columns-is-layout-76023efe wp-block-columns-is-layout-flex\" style=\"margin-top:40px\">\n<div class=\"wp-block-column is-layout-flow wp-container-core-column-is-layout-29333b1a wp-block-column-is-layout-flow\">\n<figure class=\"wp-block-image size-full\"><img decoding=\"async\" src=\"https:\/\/tyler.com\/wp-content\/uploads\/2023\/11\/stream-picture5.jpg\" alt=\"\" class=\"wp-image-2026\" style=\"aspect-ratio:3\/2;object-fit:cover\"\/><\/figure>\n\n\n\n<div style=\"height:20px\" aria-hidden=\"true\" class=\"wp-block-spacer\"><\/div>\n\n\n\n<h5 class=\"wp-block-heading has-text-align-center has-text-color\" style=\"color:#6dbf5a;font-size:clamp(14px, 0.875rem + ((1vw - 3.2px) * 0.455), 18px);font-style:normal;font-weight:400;text-transform:uppercase\">Astuce fra\u00eeche<\/h5>\n\n\n\n<h4 class=\"wp-block-heading has-text-align-center has-text-color\" style=\"color:#be5a9b;font-size:clamp(14px, 0.875rem + ((1vw - 3.2px) * 0.682), 20px);font-style:normal;font-weight:400\"><em>Utilisez le vacuum cooling juste apr\u00e8s la r\u00e9colte<\/em><\/h4>\n\n\n\n<div style=\"height:25px\" aria-hidden=\"true\" class=\"wp-block-spacer\"><\/div>\n\n\n\n<p class=\"has-text-align-center has-text-color\" style=\"color:#000000;font-size:clamp(14px, 0.875rem + ((1vw - 3.2px) * 0.341), 17px);\">Plus le process est lanc\u00e9 t\u00f4t, plus il est efficace. Refroidir vos produits imm\u00e9diatement apr\u00e8s la cueillette limite les pertes hydriques et ralentit les processus de d\u00e9gradation.<\/p>\n<\/div>\n\n\n\n<div class=\"wp-block-column is-layout-flow wp-container-core-column-is-layout-29333b1a wp-block-column-is-layout-flow\">\n<figure class=\"wp-block-image size-full\"><img decoding=\"async\" src=\"https:\/\/tyler.com\/wp-content\/uploads\/2023\/11\/stream-picture6.jpg\" alt=\"\" class=\"wp-image-2027\" style=\"aspect-ratio:3\/2;object-fit:cover\"\/><\/figure>\n\n\n\n<div style=\"height:20px\" aria-hidden=\"true\" class=\"wp-block-spacer\"><\/div>\n\n\n\n<h5 class=\"wp-block-heading has-text-align-center has-text-color\" style=\"color:#6dbf5a;font-size:clamp(14px, 0.875rem + ((1vw - 3.2px) * 0.455), 18px);font-style:normal;font-weight:400;text-transform:uppercase\">R\u00e9glementation<\/h5>\n\n\n\n<h4 class=\"wp-block-heading has-text-align-center has-text-color\" style=\"color:#be5a9b;font-size:clamp(14px, 0.875rem + ((1vw - 3.2px) * 0.682), 20px);font-style:normal;font-weight:400\">Le HACCP s\u2019applique aussi \u00e0 la cha\u00eene du froid<\/h4>\n\n\n\n<div style=\"height:25px\" aria-hidden=\"true\" class=\"wp-block-spacer\"><\/div>\n\n\n\n<p class=\"has-text-align-center has-text-color\" style=\"color:#010101;font-size:clamp(14px, 0.875rem + ((1vw - 3.2px) * 0.341), 17px);\">Avez-vous mis \u00e0 jour votre plan HACCP ? Les temp\u00e9ratures de conservation et les contr\u00f4les quotidiens doivent y figurer. Une non-conformit\u00e9 peut vite co\u00fbter cher\u2026 en amendes comme en r\u00e9putation.<\/p>\n<\/div>\n\n\n\n<div class=\"wp-block-column is-layout-flow wp-container-core-column-is-layout-29333b1a wp-block-column-is-layout-flow\">\n<figure class=\"wp-block-image size-full\"><img decoding=\"async\" src=\"https:\/\/tyler.com\/wp-content\/uploads\/2023\/11\/stream-picture1.jpg\" alt=\"\" class=\"wp-image-2021\" style=\"aspect-ratio:3\/2;object-fit:cover\"\/><\/figure>\n\n\n\n<div style=\"height:20px\" aria-hidden=\"true\" class=\"wp-block-spacer\"><\/div>\n\n\n\n<h5 class=\"wp-block-heading has-text-align-center has-text-color\" style=\"color:#6dbf5a;font-size:clamp(14px, 0.875rem + ((1vw - 3.2px) * 0.455), 18px);font-style:normal;font-weight:400;text-transform:uppercase\">Le saviez-vous ?<\/h5>\n\n\n\n<h4 class=\"wp-block-heading has-text-align-center has-text-color\" style=\"color:#be5a9b;font-size:clamp(14px, 0.875rem + ((1vw - 3.2px) * 0.682), 20px);font-style:normal;font-weight:400\">Une perte de 1\u202f\u00b0C peut r\u00e9duire la dur\u00e9e de vie d\u2019un l\u00e9gume de 20\u202f%<\/h4>\n\n\n\n<div style=\"height:25px\" aria-hidden=\"true\" class=\"wp-block-spacer\"><\/div>\n\n\n\n<p class=\"has-text-align-center has-text-color\" style=\"color:#000000;font-size:clamp(14px, 0.875rem + ((1vw - 3.2px) * 0.341), 17px);\">M\u00eame une petite hausse de temp\u00e9rature peut acc\u00e9l\u00e9rer la d\u00e9gradation de vos produits. Une surveillance continue permet d\u2019\u00e9viter ce type de chute silencieuse mais co\u00fbteuse.<\/p>\n<\/div>\n<\/div>\n\n\n\n<div class=\"wp-block-columns is-layout-flex wp-container-core-columns-is-layout-dea159eb wp-block-columns-is-layout-flex\" style=\"margin-top:60px\">\n<div class=\"wp-block-column is-layout-flow wp-container-core-column-is-layout-29333b1a wp-block-column-is-layout-flow\">\n<figure class=\"wp-block-image size-large\"><img decoding=\"async\" src=\"https:\/\/tyler.com\/wp-content\/uploads\/2023\/11\/Stream-Home-Hero-Cover-Image-1024x683.jpeg\" alt=\"\" class=\"wp-image-1582\" style=\"aspect-ratio:3\/2;object-fit:cover\"\/><\/figure>\n\n\n\n<div style=\"height:20px\" aria-hidden=\"true\" class=\"wp-block-spacer\"><\/div>\n\n\n\n<h5 class=\"wp-block-heading has-text-align-center has-text-color\" style=\"color:#6dbf5a;font-size:clamp(14px, 0.875rem + ((1vw - 3.2px) * 0.455), 18px);font-style:normal;font-weight:400;text-transform:uppercase\">Le saviez-vous ?<\/h5>\n\n\n\n<h4 class=\"wp-block-heading has-text-align-center has-text-color\" style=\"color:#be5a9b;font-size:clamp(14px, 0.875rem + ((1vw - 3.2px) * 0.682), 20px);font-style:normal;font-weight:400\">Certains fruits continuent de m\u00fbrir apr\u00e8s r\u00e9colte, d\u2019autres non<\/h4>\n\n\n\n<div style=\"height:25px\" aria-hidden=\"true\" class=\"wp-block-spacer\"><\/div>\n\n\n\n<p class=\"has-text-align-center has-text-color\" style=\"color:#000000;font-size:clamp(14px, 0.875rem + ((1vw - 3.2px) * 0.341), 17px);\">Les bananes, kiwis ou mangues d\u00e9gagent de l\u2019\u00e9thyl\u00e8ne et poursuivent leur maturation. Les fraises ou les ananas, eux, ne changent plus apr\u00e8s la cueillette. Mieux vaut adapter la temp\u00e9rature selon la vari\u00e9t\u00e9.<\/p>\n<\/div>\n\n\n\n<div class=\"wp-block-column is-layout-flow wp-container-core-column-is-layout-29333b1a wp-block-column-is-layout-flow\">\n<figure class=\"wp-block-image size-large\"><img decoding=\"async\" src=\"https:\/\/tyler.com\/wp-content\/uploads\/2023\/11\/stream-banner-1024x683.jpg\" alt=\"\" class=\"wp-image-2012\" style=\"aspect-ratio:3\/2;object-fit:cover\"\/><\/figure>\n\n\n\n<div style=\"height:20px\" aria-hidden=\"true\" class=\"wp-block-spacer\"><\/div>\n\n\n\n<h5 class=\"wp-block-heading has-text-align-center has-text-color\" style=\"color:#6dbf5a;font-size:clamp(14px, 0.875rem + ((1vw - 3.2px) * 0.455), 18px);font-style:normal;font-weight:400;text-transform:uppercase\">Bon r\u00e9flexe<\/h5>\n\n\n\n<h4 class=\"wp-block-heading has-text-align-center has-text-color\" style=\"color:#be5a9b;font-size:clamp(14px, 0.875rem + ((1vw - 3.2px) * 0.682), 20px);font-style:normal;font-weight:400\">Un extincteur CO2 \u00e0 proximit\u00e9 des centrales ? Obligatoire.<\/h4>\n\n\n\n<div style=\"height:25px\" aria-hidden=\"true\" class=\"wp-block-spacer\"><\/div>\n\n\n\n<p class=\"has-text-align-center has-text-color\" style=\"color:#000000;font-size:clamp(14px, 0.875rem + ((1vw - 3.2px) * 0.341), 17px);\">Pour les installations au CO2 ou aux fluides inflammables comme le propane, la s\u00e9curit\u00e9 incendie impose certaines mesures. Pensez \u00e0 v\u00e9rifier vos obligations et \u00e0 former vos \u00e9quipes.<\/p>\n<\/div>\n\n\n\n<div class=\"wp-block-column is-layout-flow wp-container-core-column-is-layout-29333b1a wp-block-column-is-layout-flow\">\n<figure class=\"wp-block-image size-full\"><img decoding=\"async\" src=\"https:\/\/tyler.com\/wp-content\/uploads\/2023\/11\/stream-picture7.jpg\" alt=\"\" class=\"wp-image-2029\" style=\"aspect-ratio:3\/2;object-fit:cover\"\/><\/figure>\n\n\n\n<div style=\"height:20px\" aria-hidden=\"true\" class=\"wp-block-spacer\"><\/div>\n\n\n\n<h5 class=\"wp-block-heading has-text-align-center has-text-color\" style=\"color:#6dbf5a;font-size:clamp(14px, 0.875rem + ((1vw - 3.2px) * 0.455), 18px);font-style:normal;font-weight:400;text-transform:uppercase\">Tendance<\/h5>\n\n\n\n<h4 class=\"wp-block-heading has-text-align-center has-text-color\" style=\"color:#be5a9b;font-size:clamp(14px, 0.875rem + ((1vw - 3.2px) * 0.682), 20px);font-style:normal;font-weight:400\">Le vacuum cooling s\u2019impose dans l\u2019agro pour gagner du temps et de la qualit\u00e9<\/h4>\n\n\n\n<div style=\"height:25px\" aria-hidden=\"true\" class=\"wp-block-spacer\"><\/div>\n\n\n\n<p class=\"has-text-align-center has-text-color\" style=\"color:#000000;font-size:clamp(14px, 0.875rem + ((1vw - 3.2px) * 0.341), 17px);\">R\u00e9duction du temps de refroidissement, meilleure tenue en rayon, moins de pertes\u202f: les producteurs de salades, \u00e9pinards ou choux investissent de plus en plus dans cette technologie performante.<\/p>\n<\/div>\n<\/div>\n<\/div>\n","protected":false},"excerpt":{"rendered":"<p>ASTUCES FRAICHES Comment \u00e9viter la condensation dans vos chambres froides ? Un exc\u00e8s d\u2019humidit\u00e9 acc\u00e9l\u00e8re la d\u00e9gradation des produits. Veillez \u00e0 ce que vos portes soient bien \u00e9tanches, que les entr\u00e9es et sorties soient rapides, et pensez \u00e0 un d\u00e9shumidificateur si n\u00e9cessaire. Moins de bu\u00e9e, plus de fra\u00eecheur\u202f! Bon r\u00e9flexe Un contr\u00f4le visuel rapide par [&hellip;]<\/p>\n","protected":false},"author":1,"featured_media":0,"parent":0,"menu_order":0,"comment_status":"closed","ping_status":"closed","template":"","meta":{"_kadence_starter_templates_imported_post":false,"footnotes":""},"class_list":["post-752","page","type-page","status-publish","hentry"],"_links":{"self":[{"href":"https:\/\/freezbefrance.com\/index.php\/wp-json\/wp\/v2\/pages\/752","targetHints":{"allow":["GET"]}}],"collection":[{"href":"https:\/\/freezbefrance.com\/index.php\/wp-json\/wp\/v2\/pages"}],"about":[{"href":"https:\/\/freezbefrance.com\/index.php\/wp-json\/wp\/v2\/types\/page"}],"author":[{"embeddable":true,"href":"https:\/\/freezbefrance.com\/index.php\/wp-json\/wp\/v2\/users\/1"}],"replies":[{"embeddable":true,"href":"https:\/\/freezbefrance.com\/index.php\/wp-json\/wp\/v2\/comments?post=752"}],"version-history":[{"count":10,"href":"https:\/\/freezbefrance.com\/index.php\/wp-json\/wp\/v2\/pages\/752\/revisions"}],"predecessor-version":[{"id":911,"href":"https:\/\/freezbefrance.com\/index.php\/wp-json\/wp\/v2\/pages\/752\/revisions\/911"}],"wp:attachment":[{"href":"https:\/\/freezbefrance.com\/index.php\/wp-json\/wp\/v2\/media?parent=752"}],"curies":[{"name":"wp","href":"https:\/\/api.w.org\/{rel}","templated":true}]}}