{"id":748,"date":"2025-05-11T23:30:17","date_gmt":"2025-05-11T21:30:17","guid":{"rendered":"https:\/\/freezbefrance.com\/?page_id=748"},"modified":"2025-10-30T12:29:36","modified_gmt":"2025-10-30T11:29:36","slug":"a-propos","status":"publish","type":"page","link":"https:\/\/freezbefrance.com\/index.php\/a-propos\/","title":{"rendered":"A propos"},"content":{"rendered":"\n<div class=\"wp-block-cover alignfull is-light\" style=\"margin-top:0;margin-bottom:0;padding-top:0px;padding-bottom:80px;min-height:300px;aspect-ratio:unset;\"><img decoding=\"async\" class=\"wp-block-cover__image-background wp-image-4206\" alt=\"\" src=\"https:\/\/tyler.com\/wp-content\/uploads\/2023\/12\/surf-banner1.jpg\" style=\"object-position:100% 50%\" data-object-fit=\"cover\" data-object-position=\"100% 50%\"\/><span aria-hidden=\"true\" class=\"wp-block-cover__background has-background-dim-0 has-background-dim\" style=\"background-color:#e9ceb0\"><\/span><div class=\"wp-block-cover__inner-container has-global-padding is-layout-constrained wp-container-core-cover-is-layout-d4c6b484 wp-block-cover-is-layout-constrained\">\n<div style=\"height:150px\" aria-hidden=\"true\" class=\"wp-block-spacer\"><\/div>\n\n\n\n<h1 class=\"wp-block-heading has-text-align-center has-text-color has-link-color has-suranna-font-family wp-elements-f034daf70b6642319fa34325eca0f67f\" style=\"color:#ffffff;font-size:clamp(38.682px, 2.418rem + ((1vw - 3.2px) * 3.786), 72px);font-style:normal;font-weight:500\">Experts en R\u00e9frig\u00e9ration<\/h1>\n<\/div><\/div>\n\n\n\n<section class=\"wp-block-group alignfull has-global-padding is-layout-constrained wp-container-core-group-is-layout-608bbd49 wp-block-group-is-layout-constrained\" style=\"margin-top:0px;padding-top:6rem;padding-right:1rem;padding-bottom:5rem;padding-left:1rem;font-size:clamp(0.875rem, 0.875rem + ((1vw - 0.2rem) * 0.464), 1.13rem);font-style:normal;font-weight:400;line-height:1.4\">\n<div class=\"wp-block-columns is-layout-flex wp-container-core-columns-is-layout-03ad6a19 wp-block-columns-is-layout-flex\" style=\"margin-bottom:0px\">\n<div class=\"wp-block-column is-vertically-aligned-center is-layout-flow wp-block-column-is-layout-flow\" style=\"flex-basis:50%\">\n<figure class=\"wp-block-image aligncenter size-full\"><img loading=\"lazy\" decoding=\"async\" width=\"383\" height=\"461\" src=\"https:\/\/freezbefrance.com\/wp-content\/uploads\/2025\/10\/site.png\" alt=\"\" class=\"wp-image-915\" style=\"aspect-ratio:2\/3;object-fit:cover\" srcset=\"https:\/\/freezbefrance.com\/wp-content\/uploads\/2025\/10\/site.png 383w, https:\/\/freezbefrance.com\/wp-content\/uploads\/2025\/10\/site-249x300.png 249w\" sizes=\"auto, (max-width: 383px) 100vw, 383px\" \/><\/figure>\n<\/div>\n\n\n\n<div class=\"wp-block-column is-vertically-aligned-center has-global-padding is-layout-constrained wp-container-core-column-is-layout-c4a7d96a wp-block-column-is-layout-constrained\" style=\"flex-basis:50%\">\n<h3 class=\"wp-block-heading has-text-align-center has-text-color has-suranna-font-family\" style=\"color:#6fae38;margin-top:0.5rem;margin-bottom:0rem;font-size:clamp(24.034px, 1.502rem + ((1vw - 3.2px) * 1.814), 40px);font-style:normal;font-weight:500;letter-spacing:0px;line-height:1.3\"><strong>Notre Promesse de Performance et de Durabilit\u00e9<\/strong><\/h3>\n\n\n\n<p><\/p>\n\n\n\n<p class=\"has-text-align-center\">Chez <strong>Freezbe<\/strong>, nous nous engageons \u00e0 ma\u00eetriser le froid au service de vos <strong>process<\/strong>, en alliant <strong>efficacit\u00e9, qualit\u00e9 et respect de la plan\u00e8te<\/strong>.<br>Nous concevons des <strong>solutions sur mesure<\/strong> pour le stockage, la production ou la transformation \u00e0 temp\u00e9rature contr\u00f4l\u00e9e, garantissant la <strong>stabilit\u00e9, la s\u00e9curit\u00e9 et la performance<\/strong> de vos installations..&nbsp;<\/p>\n\n\n\n<p><\/p>\n\n\n\n<p class=\"has-text-align-center\">Notre \u00e9quipe met \u00e0 votre service une <strong>expertise reconnue<\/strong> dans la r\u00e9frig\u00e9ration industrielle, l\u2019agroalimentaire, la pharmaceutique et les environnements techniques complexes.<br>De l\u2019\u00e9tude \u00e0 la mise en service, nous vous accompagnons avec <strong>\u00e9coute, rigueur et passion<\/strong>.<br>Avec <strong>Freezbe<\/strong>, vous ne choisissez pas seulement un prestataire : vous gagnez un <strong>partenaire engag\u00e9<\/strong> dans la r\u00e9ussite de vos projets et la <strong>pr\u00e9servation de l\u2019environnement<\/strong>.<\/p>\n\n\n\n<p class=\"has-text-align-center has-text-color has-pontano-sans-font-family\" style=\"color:#6fae38;margin-top:20px;margin-bottom:20px;font-size:clamp(14px, 0.875rem + ((1vw - 3.2px) * 0.455), 18px);font-style:normal;font-weight:400;line-height:1.5\"><strong>Ensemble, faisons la diff\u00e9rence !<\/strong><\/p>\n\n\n\n<div class=\"wp-block-buttons is-horizontal is-content-justification-center is-layout-flex wp-container-core-buttons-is-layout-a300a970 wp-block-buttons-is-layout-flex\" style=\"margin-top:0.51rem\">\n<div class=\"wp-block-button has-custom-width wp-block-button__width-50 is-style-fill\"><a class=\"wp-block-button__link has-text-color has-background has-pontano-sans-font-family has-text-align-center has-custom-font-size wp-element-button\" href=\"https:\/\/freezbefrance.com\/index.php\/contact\/\" style=\"border-style:none;border-width:0px;border-radius:0rem;color:#fffffd;background-color:#e27013;padding-top:0.71rem;padding-right:0.31rem;padding-bottom:0.71rem;padding-left:0.31rem;font-size:clamp(0.875rem, 0.875rem + ((1vw - 0.2rem) * 0.245), 1.01rem);font-style:normal;font-weight:600;letter-spacing:1px;line-height:1.5;text-transform:uppercase\">COMMENCEZ D\u00e8S MAINTENANT<\/a><\/div>\n<\/div>\n<\/div>\n<\/div>\n<\/section>\n\n\n\n<div class=\"wp-block-cover alignfull is-light\" style=\"padding-top:6rem;padding-bottom:6rem\"><span aria-hidden=\"true\" class=\"wp-block-cover__background has-background-dim-10 has-background-dim\" style=\"background-color:#e27013\"><\/span><div class=\"wp-block-cover__inner-container has-global-padding is-layout-constrained wp-container-core-cover-is-layout-5cbdda46 wp-block-cover-is-layout-constrained\">\n<h2 class=\"wp-block-heading has-text-align-center has-text-color has-link-color has-suranna-font-family wp-elements-705c1a5838a13a36425d29cf1305d244\" style=\"color:#6fae38;font-size:clamp(24.034px, 1.502rem + ((1vw - 3.2px) * 1.814), 40px);font-style:normal;font-weight:500;letter-spacing:1px\"><strong>Notre vision de l\u2019excellence : construire ensemble, r\u00e9ussir ensemble<\/strong><\/h2>\n\n\n\n<p class=\"has-text-align-center\">Chez Freezbe, nous croyons que l\u2019excellence ne se d\u00e9cr\u00e8te pas, elle se construit. Elle na\u00eet de l\u2019\u00e9coute, de la collaboration et d\u2019une id\u00e9e simple : <strong>avancer ensemble en valorisant chaque savoir-faire<\/strong>.<\/p>\n\n\n\n<p class=\"has-text-align-center has-text-color has-link-color wp-elements-b4f907241e68f00981c90cef4d4a7a59\" style=\"color:#3496c2\"><strong>Des partenariats qui cr\u00e9ent de la valeur<\/strong><\/p>\n\n\n\n<p class=\"has-text-align-center\">Notre force, c\u2019est le collectif.<br>Nous travaillons main dans la main avec un <strong>r\u00e9seau de partenaires de confiance<\/strong>, s\u00e9lectionn\u00e9s pour leur expertise technique, leur rigueur et leur fiabilit\u00e9.<br>Ensemble, nous concevons des <strong>solutions sur mesure<\/strong>, adapt\u00e9es \u00e0 vos besoins r\u00e9els \u2014 jamais fig\u00e9es, toujours pertinentes.<\/p>\n\n\n\n<p class=\"has-text-align-center\">Chaque projet devient ainsi une <strong>r\u00e9ussite partag\u00e9e<\/strong> : vous b\u00e9n\u00e9ficiez d\u2019un interlocuteur unique, capable de mobiliser les bonnes comp\u00e9tences au bon moment, pour un r\u00e9sultat performant et durable.<\/p>\n\n\n\n<p class=\"has-text-align-center has-text-color has-link-color wp-elements-67c539298cf8af4244d9a2b88d38f265\" style=\"color:#3496c2\"><strong>L&rsquo;agilit\u00e9 au service de vos projets<\/strong><\/p>\n\n\n\n<p class=\"has-text-align-center\">Notre force, c\u2019est la modularit\u00e9. Gr\u00e2ce \u00e0 cette capacit\u00e9 \u00e0 f\u00e9d\u00e9rer les savoir-faire, nous sommes en mesure d\u2019adapter notre offre \u00e0 votre contexte : contraintes techniques, enveloppe budg\u00e9taire, imp\u00e9ratifs de d\u00e9lais ou sp\u00e9cificit\u00e9s d\u2019usage. Cette agilit\u00e9 nous permet d\u2019optimiser les co\u00fbts sans jamais compromettre la qualit\u00e9 ou la fiabilit\u00e9.<\/p>\n\n\n\n<p class=\"has-text-align-center has-text-color has-link-color wp-elements-2d8458db8828e6d32fd6172f41ba2cca\" style=\"color:#3496c2\"><strong>La proximit\u00e9 comme exigence<\/strong><\/p>\n\n\n\n<p class=\"has-text-align-center has-text-color has-link-color wp-elements-366ffb69d91ecd567c42250a9508228e\" style=\"color:#010101\">Nos partenaires implant\u00e9s localement garantissent <strong>r\u00e9activit\u00e9 et disponibilit\u00e9<\/strong>.<br>Chez <strong>Freezbe<\/strong>, la proximit\u00e9 n\u2019est pas un slogan : c\u2019est la cl\u00e9 d\u2019une relation humaine, durable et fond\u00e9e sur la <strong>confiance mutuelle<\/strong>.<br>\u00catre proche, c\u2019est <strong>comprendre vos enjeux, intervenir vite et bien<\/strong>, et construire une r\u00e9ussite commune.<\/p>\n\n\n\n<div class=\"wp-block-buttons is-horizontal is-content-justification-center is-layout-flex wp-container-core-buttons-is-layout-bb07f847 wp-block-buttons-is-layout-flex\" style=\"margin-top:30px\">\n<div class=\"wp-block-button has-custom-width wp-block-button__width-25 is-style-fill\"><a class=\"wp-block-button__link has-text-color has-background has-pontano-sans-font-family has-custom-font-size wp-element-button\" href=\"https:\/\/freezbefrance.com\/index.php\/contact\/\" style=\"border-style:none;border-width:0px;border-radius:0rem;color:#fffffd;background-color:#e27013;padding-top:0.71rem;padding-right:0.31rem;padding-bottom:0.71rem;padding-left:0.31rem;font-size:clamp(0.875rem, 0.875rem + ((1vw - 0.2rem) * 0.245), 1.01rem);font-style:normal;font-weight:600;letter-spacing:1px;line-height:1.5;text-transform:uppercase\">ENVIE D&rsquo;AVANCER ENSEMBLE ?<\/a><\/div>\n<\/div>\n<\/div><\/div>\n\n\n\n<section class=\"wp-block-group alignfull has-global-padding is-layout-constrained wp-container-core-group-is-layout-8202059b wp-block-group-is-layout-constrained\" style=\"margin-top:0px;padding-top:6rem;padding-right:1rem;padding-bottom:6rem;padding-left:1rem;font-size:clamp(0.875rem, 0.875rem + ((1vw - 0.2rem) * 0.464), 1.13rem);font-style:normal;font-weight:400;line-height:1.4\">\n<div class=\"wp-block-columns is-layout-flex wp-container-core-columns-is-layout-03ad6a19 wp-block-columns-is-layout-flex\" style=\"margin-bottom:0px\">\n<div class=\"wp-block-column is-vertically-aligned-center has-global-padding is-layout-constrained wp-container-core-column-is-layout-c4a7d96a wp-block-column-is-layout-constrained\" style=\"flex-basis:50%\">\n<h3 class=\"wp-block-heading has-text-align-center has-text-color has-suranna-font-family\" style=\"color:#6fae38;margin-top:0.5rem;margin-bottom:0rem;font-size:clamp(24.034px, 1.502rem + ((1vw - 3.2px) * 1.814), 40px);font-style:normal;font-weight:500;letter-spacing:0px;line-height:1.3\"><strong>Nos Valeurs : Int\u00e9grit\u00e9, Innovation, Durabilit\u00e9<\/strong><\/h3>\n\n\n\n<p class=\"has-text-align-center\" style=\"line-height:1.4\">Chez Freezbe, notre engagement va bien au-del\u00e0 des performances techniques. Ce qui guide notre quotidien, ce sont des valeurs fortes, incarn\u00e9es dans chaque projet, chaque partenariat, chaque d\u00e9cision. <\/p>\n\n\n\n<p><\/p>\n\n\n\n<p><\/p>\n\n\n\n<p class=\"has-text-align-center has-text-color has-link-color wp-elements-b0de7b07f207e0ffdb516481508e76ac\" style=\"color:#3496c2\"><strong>Int\u00e9grit\u00e9 : une confiance m\u00e9rit\u00e9e<\/strong><\/p>\n\n\n\n<p class=\"has-text-align-center\">Nous croyons que la transparence et la rigueur sont les fondations d\u2019une relation saine et durable. Respecter nos engagements, tenir parole, faire preuve d\u2019honn\u00eatet\u00e9 dans nos recommandations comme dans nos interventions : c\u2019est cette int\u00e9grit\u00e9 qui nous permet de construire des partenariats solides et de gagner votre confiance. <\/p>\n\n\n\n<p class=\"has-text-align-center\"><\/p>\n\n\n\n<p><\/p>\n\n\n\n<p class=\"has-text-align-center has-text-color has-link-color wp-elements-3049fcbe0a99c92b30432d3fa99a9a6a\" style=\"color:#3496c2\"><strong>Innovation : avancer pour mieux vous servir<\/strong><\/p>\n\n\n\n<p class=\"has-text-align-center\">Le froid industriel est un secteur en constante \u00e9volution. Chez Freezbe, nous faisons de cette dynamique un moteur. Nous innovons chaque jour pour concevoir des solutions plus performantes, plus adapt\u00e9es \u00e0 vos enjeux, en anticipant les mutations technologiques, \u00e9conomiques et r\u00e9glementaires.<\/p>\n\n\n\n<p class=\"has-text-align-center\"><\/p>\n\n\n\n<p><\/p>\n\n\n\n<p class=\"has-text-align-center has-text-color has-link-color wp-elements-59ddd8b1a5747e821e6368d4a3245904\" style=\"color:#3496c2\"> <strong>Durabilit\u00e9 : un choix responsable<\/strong><\/p>\n\n\n\n<p class=\"has-text-align-center\"> Chaque installation, chaque choix technique, chaque action est pens\u00e9e avec une vision \u00e0 long terme. R\u00e9duire la consommation \u00e9nerg\u00e9tique, privil\u00e9gier les fluides \u00e0 faible impact environnemental, accompagner nos clients vers des mod\u00e8les plus responsables : c\u2019est ainsi que nous contribuons, \u00e0 notre \u00e9chelle, \u00e0 un avenir plus durable.<\/p>\n\n\n\n<p class=\"has-text-align-center\"><\/p>\n\n\n\n<p><\/p>\n\n\n\n<p class=\"has-text-align-center has-text-color has-link-color wp-elements-4f777abadc093382fecfaa1c041704ac\" style=\"color:#3496c2\"><strong>Esprit d\u2019\u00c9quipe : avancer ensemble<\/strong><\/p>\n\n\n\n<p class=\"has-text-align-center\">Chez Freezbe, nous croyons que l\u2019intelligence collective d\u00e9cuple la performance. En interne comme avec nos partenaires, nous cultivons l\u2019entraide, l\u2019\u00e9coute et le respect. C\u2019est en unissant nos comp\u00e9tences que nous apportons le meilleur \u00e0 nos clients. Chaque projet est une aventure collective, men\u00e9e avec coh\u00e9sion et exigence.<\/p>\n\n\n\n<p class=\"has-text-align-center\"><\/p>\n\n\n\n<p><\/p>\n\n\n\n<p class=\"has-text-align-center has-text-color has-link-color wp-elements-5aec9f8f5a5aab14b5b5f828ada7a188\" style=\"color:#6fae38\"><strong>Construire ensemble, progresser ensemble. Chez Freezbe, nous conjuguons excellence technique et valeurs humaines pour vous garantir des solutions durables, innovantes et responsables.<\/strong><\/p>\n\n\n\n<p><\/p>\n\n\n\n<p class=\"has-text-align-center\"><\/p>\n\n\n\n<div class=\"wp-block-buttons is-horizontal is-content-justification-center is-layout-flex wp-container-core-buttons-is-layout-a300a970 wp-block-buttons-is-layout-flex\" style=\"margin-top:0.51rem\">\n<div class=\"wp-block-button has-custom-width wp-block-button__width-50 is-style-fill\"><a class=\"wp-block-button__link has-text-color has-background has-pontano-sans-font-family has-custom-font-size wp-element-button\" href=\"https:\/\/freezbefrance.com\/index.php\/contact\/\" style=\"border-style:none;border-width:0px;border-radius:0rem;color:#fffffd;background-color:#e27013;padding-top:0.71rem;padding-right:0.31rem;padding-bottom:0.71rem;padding-left:0.31rem;font-size:clamp(0.875rem, 0.875rem + ((1vw - 0.2rem) * 0.245), 1.01rem);font-style:normal;font-weight:600;letter-spacing:1px;line-height:1.5;text-transform:uppercase\">VOUS SOUHAITEZ ECHANGER AVEC NOUS ?<\/a><\/div>\n<\/div>\n<\/div>\n\n\n\n<div class=\"wp-block-column is-vertically-aligned-center is-layout-flow wp-block-column-is-layout-flow\" style=\"flex-basis:50%\">\n<figure class=\"wp-block-image alignright size-full has-custom-border wp-duotone-unset-1\"><img loading=\"lazy\" decoding=\"async\" width=\"695\" height=\"457\" src=\"https:\/\/freezbefrance.com\/wp-content\/uploads\/2025\/05\/Capture-decran-2025-05-16-175133-1.png\" alt=\"\" class=\"has-border-color has-tertiary-border-color wp-image-816\" style=\"border-width:1px;aspect-ratio:1;object-fit:cover\" srcset=\"https:\/\/freezbefrance.com\/wp-content\/uploads\/2025\/05\/Capture-decran-2025-05-16-175133-1.png 695w, https:\/\/freezbefrance.com\/wp-content\/uploads\/2025\/05\/Capture-decran-2025-05-16-175133-1-300x197.png 300w\" sizes=\"auto, (max-width: 695px) 100vw, 695px\" \/><\/figure>\n<\/div>\n<\/div>\n<\/section>\n\n\n\n<section class=\"wp-block-cover alignfull has-global-padding is-layout-constrained wp-container-core-cover-is-layout-b1bebcb3 wp-block-cover-is-layout-constrained wp-duotone-unset-2\" style=\"margin-top:0px;padding-top:1.01rem;padding-bottom:1.01rem;min-height:430px;aspect-ratio:unset;\"><img loading=\"lazy\" decoding=\"async\" width=\"2560\" height=\"1506\" class=\"wp-block-cover__image-background wp-image-818 size-full\" alt=\"\" src=\"https:\/\/freezbefrance.com\/wp-content\/uploads\/2025\/05\/fruits-et-legumes-2-scaled.jpg\" data-object-fit=\"cover\" srcset=\"https:\/\/freezbefrance.com\/wp-content\/uploads\/2025\/05\/fruits-et-legumes-2-scaled.jpg 2560w, https:\/\/freezbefrance.com\/wp-content\/uploads\/2025\/05\/fruits-et-legumes-2-300x176.jpg 300w, https:\/\/freezbefrance.com\/wp-content\/uploads\/2025\/05\/fruits-et-legumes-2-1024x602.jpg 1024w, https:\/\/freezbefrance.com\/wp-content\/uploads\/2025\/05\/fruits-et-legumes-2-768x452.jpg 768w, https:\/\/freezbefrance.com\/wp-content\/uploads\/2025\/05\/fruits-et-legumes-2-1536x904.jpg 1536w, https:\/\/freezbefrance.com\/wp-content\/uploads\/2025\/05\/fruits-et-legumes-2-2048x1205.jpg 2048w\" sizes=\"auto, (max-width: 2560px) 100vw, 2560px\" \/><span aria-hidden=\"true\" class=\"wp-block-cover__background has-background-dim-30 has-background-dim\" style=\"background-color:#0b0b0b\"><\/span><div class=\"wp-block-cover__inner-container\"><\/div><\/section>\n\n\n\n<p><\/p>\n","protected":false},"excerpt":{"rendered":"<p>Notre Promesse de Performance et de Durabilit\u00e9 Chez Freezbe, nous nous engageons \u00e0 ma\u00eetriser le froid au service de vos process, en alliant efficacit\u00e9, qualit\u00e9 et respect de la plan\u00e8te.Nous concevons des solutions sur mesure pour le stockage, la production ou la transformation \u00e0 temp\u00e9rature contr\u00f4l\u00e9e, garantissant la stabilit\u00e9, la s\u00e9curit\u00e9 et la performance de [&hellip;]<\/p>\n","protected":false},"author":1,"featured_media":0,"parent":0,"menu_order":0,"comment_status":"closed","ping_status":"closed","template":"","meta":{"_kadence_starter_templates_imported_post":false,"footnotes":""},"class_list":["post-748","page","type-page","status-publish","hentry"],"_links":{"self":[{"href":"https:\/\/freezbefrance.com\/index.php\/wp-json\/wp\/v2\/pages\/748","targetHints":{"allow":["GET"]}}],"collection":[{"href":"https:\/\/freezbefrance.com\/index.php\/wp-json\/wp\/v2\/pages"}],"about":[{"href":"https:\/\/freezbefrance.com\/index.php\/wp-json\/wp\/v2\/types\/page"}],"author":[{"embeddable":true,"href":"https:\/\/freezbefrance.com\/index.php\/wp-json\/wp\/v2\/users\/1"}],"replies":[{"embeddable":true,"href":"https:\/\/freezbefrance.com\/index.php\/wp-json\/wp\/v2\/comments?post=748"}],"version-history":[{"count":17,"href":"https:\/\/freezbefrance.com\/index.php\/wp-json\/wp\/v2\/pages\/748\/revisions"}],"predecessor-version":[{"id":935,"href":"https:\/\/freezbefrance.com\/index.php\/wp-json\/wp\/v2\/pages\/748\/revisions\/935"}],"wp:attachment":[{"href":"https:\/\/freezbefrance.com\/index.php\/wp-json\/wp\/v2\/media?parent=748"}],"curies":[{"name":"wp","href":"https:\/\/api.w.org\/{rel}","templated":true}]}}