{"id":746,"date":"2025-05-11T23:29:45","date_gmt":"2025-05-11T21:29:45","guid":{"rendered":"https:\/\/freezbefrance.com\/?page_id=746"},"modified":"2025-10-30T12:28:18","modified_gmt":"2025-10-30T11:28:18","slug":"accueil","status":"publish","type":"page","link":"https:\/\/freezbefrance.com\/","title":{"rendered":""},"content":{"rendered":"\n<div class=\"wp-block-cover alignfull wp-duotone-unset-1\" style=\"margin-top:0;margin-bottom:0;padding-top:0%;padding-right:0;padding-bottom:5.9rem;padding-left:var(--wp--preset--spacing--20);min-height:100vh;aspect-ratio:unset;\"><img loading=\"lazy\" decoding=\"async\" width=\"2560\" height=\"1506\" class=\"wp-block-cover__image-background wp-image-791 size-full\" alt=\"\" src=\"https:\/\/freezbefrance.com\/wp-content\/uploads\/2025\/05\/fruits-et-legumes-1-scaled.jpg\" data-object-fit=\"cover\" srcset=\"https:\/\/freezbefrance.com\/wp-content\/uploads\/2025\/05\/fruits-et-legumes-1-scaled.jpg 2560w, https:\/\/freezbefrance.com\/wp-content\/uploads\/2025\/05\/fruits-et-legumes-1-300x176.jpg 300w, https:\/\/freezbefrance.com\/wp-content\/uploads\/2025\/05\/fruits-et-legumes-1-1024x602.jpg 1024w, https:\/\/freezbefrance.com\/wp-content\/uploads\/2025\/05\/fruits-et-legumes-1-768x452.jpg 768w, https:\/\/freezbefrance.com\/wp-content\/uploads\/2025\/05\/fruits-et-legumes-1-1536x904.jpg 1536w, https:\/\/freezbefrance.com\/wp-content\/uploads\/2025\/05\/fruits-et-legumes-1-2048x1205.jpg 2048w\" sizes=\"auto, (max-width: 2560px) 100vw, 2560px\" \/><span aria-hidden=\"true\" class=\"wp-block-cover__background has-black-background-color has-background-dim-20 has-background-dim\"><\/span><div class=\"wp-block-cover__inner-container is-layout-flow wp-container-core-cover-is-layout-6e328b6d wp-block-cover-is-layout-flow\">\n<div class=\"wp-block-group has-global-padding is-content-justification-center is-layout-constrained wp-container-core-group-is-layout-d602ce82 wp-block-group-is-layout-constrained\">\n<h1 class=\"wp-block-heading alignwide has-text-align-center has-text-color\" style=\"color:#f9f9f9;margin-top:0;margin-right:0;margin-bottom:0rem;margin-left:0;font-size:clamp(2.111rem, 2.111rem + ((1vw - 0.2rem) * 3.071), 3.8rem);font-style:normal;font-weight:600;line-height:1.3\">Chez Freezbe, chaque projet est unique. !<\/h1>\n\n\n\n<p class=\"has-text-align-center has-text-color\" style=\"color:#fffffd;margin-top:0;margin-bottom:0;padding-top:0;padding-right:0;padding-bottom:0;padding-left:0;font-size:clamp(0.935rem, 0.935rem + ((1vw - 0.2rem) * 0.864), 1.41rem);font-style:normal;font-weight:400;line-height:1.3\">Des solutions sur mesure, con\u00e7ues dans l\u2019\u00e9coute, la qualit\u00e9 et la performance.<\/p>\n\n\n\n<div class=\"wp-block-group is-vertical is-content-justification-stretch is-layout-flex wp-container-core-group-is-layout-53ad70e0 wp-block-group-is-layout-flex\" style=\"margin-top:1.61rem;padding-right:0px;padding-left:0px\">\n<div class=\"wp-block-group has-global-padding is-content-justification-center is-layout-constrained wp-container-core-group-is-layout-2f0bcb29 wp-block-group-is-layout-constrained\" style=\"margin-top:0px\">\n<div class=\"wp-block-buttons is-horizontal is-content-justification-center is-layout-flex wp-container-core-buttons-is-layout-a300a970 wp-block-buttons-is-layout-flex\" style=\"margin-top:0.51rem\">\n<div class=\"wp-block-button has-custom-width wp-block-button__width-100 is-style-fill\"><a class=\"wp-block-button__link has-text-color has-background has-text-align-center has-custom-font-size wp-element-button\" href=\"https:\/\/freezbefrance.com\/index.php\/contact\/\" style=\"border-style:none;border-width:0px;border-radius:0rem;color:#fffffd;background-color:#e27013;padding-top:0.71rem;padding-right:0.31rem;padding-bottom:0.71rem;padding-left:0.31rem;font-size:clamp(0.875rem, 0.875rem + ((1vw - 0.2rem) * 0.245), 1.01rem);font-style:normal;font-weight:600;line-height:1.5;text-transform:capitalize\">PARLONS DE VOTRE PROJET <\/a><\/div>\n<\/div>\n<\/div>\n<\/div>\n<\/div>\n<\/div><\/div>\n\n\n\n<section class=\"wp-block-group alignfull has-global-padding is-layout-constrained wp-container-core-group-is-layout-05455e64 wp-block-group-is-layout-constrained\" style=\"margin-top:0px;padding-top:6rem;padding-right:1rem;padding-bottom:4.5rem;padding-left:1rem;font-size:clamp(0.875rem, 0.875rem + ((1vw - 0.2rem) * 0.464), 1.13rem);font-style:normal;font-weight:400;line-height:1.4\">\n<figure class=\"wp-block-image aligncenter size-full is-resized has-custom-border\" style=\"margin-top:0;margin-right:0;margin-bottom:0;margin-left:0\"><img loading=\"lazy\" decoding=\"async\" width=\"357\" height=\"308\" src=\"https:\/\/freezbefrance.com\/wp-content\/uploads\/2025\/05\/logo-1.png\" alt=\"\" class=\"wp-image-798\" style=\"border-style:none;border-width:0px;width:309px;height:auto\" srcset=\"https:\/\/freezbefrance.com\/wp-content\/uploads\/2025\/05\/logo-1.png 357w, https:\/\/freezbefrance.com\/wp-content\/uploads\/2025\/05\/logo-1-300x259.png 300w\" sizes=\"auto, (max-width: 357px) 100vw, 357px\" \/><\/figure>\n\n\n\n<div class=\"wp-block-columns is-layout-flex wp-container-core-columns-is-layout-2e7296b4 wp-block-columns-is-layout-flex\" style=\"margin-bottom:0px\">\n<div class=\"wp-block-column has-global-padding is-layout-constrained wp-container-core-column-is-layout-b4ec969c wp-block-column-is-layout-constrained\" style=\"padding-top:2.01rem\">\n<div class=\"wp-block-group has-global-padding is-layout-constrained wp-container-core-group-is-layout-dca71664 wp-block-group-is-layout-constrained\" style=\"min-height:100%\">\n<h3 class=\"wp-block-heading has-text-align-center has-text-color\" style=\"color:#6fae38;margin-top:0.5rem;margin-bottom:0rem;font-size:clamp(1.556rem, 1.556rem + ((1vw - 0.2rem) * 1.916), 2.61rem);font-style:normal;font-weight:500;letter-spacing:0px;line-height:1.3\">Notre ADN : ma\u00eetriser le froid, pr\u00e9server la qualit\u00e9, respecter la plan\u00e8te<\/h3>\n\n\n\n<p class=\"has-text-align-center\">Chez <strong>Freezbe<\/strong>, nous croyons que la ma\u00eetrise du froid est bien plus qu\u2019une question de performance : c\u2019est un levier essentiel pour garantir la fiabilit\u00e9, la s\u00e9curit\u00e9 et la durabilit\u00e9 des <strong>process<\/strong>.<br>Qu\u2019il s\u2019agisse d\u2019agroalimentaire, de pharmaceutique ou d\u2019industries diverses, notre mission est d\u2019accompagner chaque acteur dans la mise en \u0153uvre de <strong>solutions de r\u00e9frig\u00e9ration intelligentes, efficientes et responsables<\/strong>.<\/p>\n\n\n\n<p class=\"has-text-align-center has-text-color has-link-color wp-elements-34468714a9da7217e94ed46072b03d04\" style=\"color:#3496c2\"><strong>Pr\u00e9server la qualit\u00e9, prolonger la performance<\/strong><\/p>\n\n\n\n<p class=\"has-text-align-center\">Chaque process a ses exigences. Nous les comprenons, et concevons des <strong>syst\u00e8mes sur mesure<\/strong> pour assurer la stabilit\u00e9 thermique, la continuit\u00e9 des op\u00e9rations et la ma\u00eetrise \u00e9nerg\u00e9tique tout au long de la cha\u00eene du froid.<br>De la production \u00e0 la transformation, du stockage \u00e0 la distribution, <strong>Freezbe<\/strong> s\u2019engage \u00e0 pr\u00e9server la qualit\u00e9 de vos process et la fiabilit\u00e9 de vos installations.<\/p>\n\n\n\n<p class=\"has-text-align-center has-text-color\" style=\"color:#3496c2;margin-top:0rem;font-size:clamp(0.875rem, 0.875rem + ((1vw - 0.2rem) * 0.773), 1.3rem);font-style:normal;font-weight:400;line-height:1.5\"><strong>Innover pour la plan\u00e8te<\/strong><\/p>\n\n\n\n<p class=\"has-text-align-center\">La performance ne doit jamais se faire au d\u00e9triment de l\u2019environnement.<br>C\u2019est pourquoi nous int\u00e9grons d\u00e8s la conception une approche <strong>\u00e9co-responsable<\/strong> :<\/p>\n\n\n\n<ul class=\"wp-block-list\">\n<li>R\u00e9duction des consommations \u00e9nerg\u00e9tiques<\/li>\n\n\n\n<li>Utilisation de <strong>fluides frigorig\u00e8nes \u00e0 faible impact<\/strong><\/li>\n\n\n\n<li>Conception d\u2019\u00e9quipements <strong>robustes et durables<\/strong><\/li>\n<\/ul>\n\n\n\n<p class=\"has-text-align-center\">Notre ambition : faire rimer <strong>performance, \u00e9conomie et respect de la plan\u00e8te<\/strong>.<\/p>\n\n\n\n<div class=\"wp-block-group is-vertical is-content-justification-stretch is-layout-flex wp-container-core-group-is-layout-53ad70e0 wp-block-group-is-layout-flex\" style=\"margin-top:1.61rem;padding-right:0px;padding-left:0px\">\n<div class=\"wp-block-group has-global-padding is-content-justification-center is-layout-constrained wp-container-core-group-is-layout-2f0bcb29 wp-block-group-is-layout-constrained\" style=\"margin-top:0px\">\n<div class=\"wp-block-buttons is-horizontal is-content-justification-right is-layout-flex wp-container-core-buttons-is-layout-099266fd wp-block-buttons-is-layout-flex\" style=\"margin-top:0.51rem\">\n<div class=\"wp-block-button has-custom-width wp-block-button__width-100 is-style-fill\"><a class=\"wp-block-button__link has-text-color has-background has-custom-font-size wp-element-button\" href=\"https:\/\/freezbefrance.com\/index.php\/contact\/\" style=\"border-style:none;border-width:0px;border-radius:0rem;color:#fffffd;background-color:#e27013;padding-top:0.71rem;padding-right:0.31rem;padding-bottom:0.71rem;padding-left:0.31rem;font-size:clamp(0.875rem, 0.875rem + ((1vw - 0.2rem) * 0.245), 1.01rem);font-style:normal;font-weight:600;line-height:1.5;text-transform:uppercase\">a l&rsquo;ecoute de VOTRE PROJET !<\/a><\/div>\n<\/div>\n<\/div>\n<\/div>\n<\/div>\n<\/div>\n<\/div>\n<\/section>\n\n\n\n<div class=\"wp-block-cover alignfull is-light\" style=\"padding-top:3.51rem;padding-right:0px;padding-bottom:2.01rem;padding-left:0px\"><span aria-hidden=\"true\" class=\"wp-block-cover__background has-background-dim-100 has-background-dim\" style=\"background-color:#fff3ea\"><\/span><div class=\"wp-block-cover__inner-container is-layout-flow wp-block-cover-is-layout-flow\">\n<div class=\"wp-block-group alignfull is-layout-flow wp-block-group-is-layout-flow\" style=\"margin-top:0px;margin-bottom:0px;padding-top:0rem;padding-right:1px;padding-bottom:2.01rem;padding-left:1px\">\n<div class=\"wp-block-columns alignfull is-layout-flex wp-container-core-columns-is-layout-35290b6f wp-block-columns-is-layout-flex\" style=\"padding-top:0rem\">\n<div class=\"wp-block-column is-layout-flow wp-block-column-is-layout-flow\" style=\"padding-top:1rem;padding-right:0rem;padding-bottom:1rem;padding-left:0rem\">\n<div class=\"wp-block-cover\" style=\"padding-right:0.51rem;padding-left:0.51rem;min-height:390px;aspect-ratio:unset;\"><img loading=\"lazy\" decoding=\"async\" width=\"682\" height=\"450\" class=\"wp-block-cover__image-background wp-image-824 size-full\" alt=\"\" src=\"https:\/\/freezbefrance.com\/wp-content\/uploads\/2025\/05\/CH-F-2.png\" data-object-fit=\"cover\" srcset=\"https:\/\/freezbefrance.com\/wp-content\/uploads\/2025\/05\/CH-F-2.png 682w, https:\/\/freezbefrance.com\/wp-content\/uploads\/2025\/05\/CH-F-2-300x198.png 300w\" sizes=\"auto, (max-width: 682px) 100vw, 682px\" \/><span aria-hidden=\"true\" class=\"wp-block-cover__background has-background-dim-30 has-background-dim\" style=\"background-color:#050505\"><\/span><div class=\"wp-block-cover__inner-container has-global-padding is-layout-constrained wp-container-core-cover-is-layout-1a3bd245 wp-block-cover-is-layout-constrained\">\n<h3 class=\"wp-block-heading has-text-align-center has-text-color\" style=\"color:#fffffd;font-size:clamp(1.507rem, 1.507rem + ((1vw - 0.2rem) * 1.824), 2.51rem);\">Chambres Froides<\/h3>\n<\/div><\/div>\n<\/div>\n\n\n\n<div class=\"wp-block-column is-layout-flow wp-block-column-is-layout-flow\" style=\"padding-top:1rem;padding-right:0rem;padding-bottom:1rem;padding-left:0rem\">\n<div class=\"wp-block-cover\" style=\"padding-right:0.51rem;padding-left:0.51rem;min-height:390px;aspect-ratio:unset;\"><img loading=\"lazy\" decoding=\"async\" width=\"691\" height=\"458\" class=\"wp-block-cover__image-background wp-image-784 size-full\" alt=\"\" src=\"https:\/\/freezbefrance.com\/wp-content\/uploads\/2025\/05\/entrepot-stockage.png\" data-object-fit=\"cover\" srcset=\"https:\/\/freezbefrance.com\/wp-content\/uploads\/2025\/05\/entrepot-stockage.png 691w, https:\/\/freezbefrance.com\/wp-content\/uploads\/2025\/05\/entrepot-stockage-300x199.png 300w\" sizes=\"auto, (max-width: 691px) 100vw, 691px\" \/><span aria-hidden=\"true\" class=\"wp-block-cover__background has-black-background-color has-background-dim-30 has-background-dim\"><\/span><div class=\"wp-block-cover__inner-container has-global-padding is-layout-constrained wp-container-core-cover-is-layout-1a3bd245 wp-block-cover-is-layout-constrained\">\n<h3 class=\"wp-block-heading has-text-align-center has-text-color\" style=\"color:#fffffd;font-size:clamp(1.507rem, 1.507rem + ((1vw - 0.2rem) * 1.824), 2.51rem);\">Entrep\u00f4t de stockage<\/h3>\n<\/div><\/div>\n<\/div>\n\n\n\n<div class=\"wp-block-column is-layout-flow wp-block-column-is-layout-flow\" style=\"padding-top:1rem;padding-right:0rem;padding-bottom:1rem;padding-left:0rem\">\n<div class=\"wp-block-cover\" style=\"padding-right:0.51rem;padding-left:0.51rem;min-height:390px;aspect-ratio:unset;\"><img loading=\"lazy\" decoding=\"async\" width=\"691\" height=\"458\" class=\"wp-block-cover__image-background wp-image-785 size-full\" alt=\"\" src=\"https:\/\/freezbefrance.com\/wp-content\/uploads\/2025\/05\/industrie-agro.png\" data-object-fit=\"cover\" srcset=\"https:\/\/freezbefrance.com\/wp-content\/uploads\/2025\/05\/industrie-agro.png 691w, https:\/\/freezbefrance.com\/wp-content\/uploads\/2025\/05\/industrie-agro-300x199.png 300w\" sizes=\"auto, (max-width: 691px) 100vw, 691px\" \/><span aria-hidden=\"true\" class=\"wp-block-cover__background has-background-dim-30 has-background-dim\" style=\"background-color:#090909\"><\/span><div class=\"wp-block-cover__inner-container has-global-padding is-layout-constrained wp-container-core-cover-is-layout-1a3bd245 wp-block-cover-is-layout-constrained\">\n<h3 class=\"wp-block-heading has-text-align-center has-text-color\" style=\"color:#fffffd;font-size:clamp(1.507rem, 1.507rem + ((1vw - 0.2rem) * 1.824), 2.51rem);\">Industrie agroalimentaire<\/h3>\n<\/div><\/div>\n<\/div>\n\n\n\n<div class=\"wp-block-column is-layout-flow wp-block-column-is-layout-flow\" style=\"padding-top:1rem;padding-right:0rem;padding-bottom:1rem;padding-left:0rem\">\n<div class=\"wp-block-cover\" style=\"padding-right:0.51rem;padding-left:0.51rem;min-height:390px;aspect-ratio:unset;\"><img loading=\"lazy\" decoding=\"async\" width=\"695\" height=\"458\" class=\"wp-block-cover__image-background wp-image-786 size-full\" alt=\"\" src=\"https:\/\/freezbefrance.com\/wp-content\/uploads\/2025\/05\/usine.png\" data-object-fit=\"cover\" srcset=\"https:\/\/freezbefrance.com\/wp-content\/uploads\/2025\/05\/usine.png 695w, https:\/\/freezbefrance.com\/wp-content\/uploads\/2025\/05\/usine-300x198.png 300w\" sizes=\"auto, (max-width: 695px) 100vw, 695px\" \/><span aria-hidden=\"true\" class=\"wp-block-cover__background has-black-background-color has-background-dim-30 has-background-dim\"><\/span><div class=\"wp-block-cover__inner-container has-global-padding is-layout-constrained wp-container-core-cover-is-layout-1a3bd245 wp-block-cover-is-layout-constrained\">\n<h3 class=\"wp-block-heading has-text-align-center has-text-color\" style=\"color:#fffffd;font-size:clamp(1.507rem, 1.507rem + ((1vw - 0.2rem) * 1.824), 2.51rem);\">Autres industries<\/h3>\n<\/div><\/div>\n<\/div>\n<\/div>\n<\/div>\n<\/div><\/div>\n\n\n\n<div class=\"wp-block-cover alignfull is-light\"><img decoding=\"async\" class=\"wp-block-cover__image-background wp-image-764\" alt=\"\" src=\"https:\/\/tyler.com\/wp-content\/uploads\/2023\/11\/surf-banner1.jpg\" data-object-fit=\"cover\"\/><span aria-hidden=\"true\" class=\"wp-block-cover__background has-background-dim-0 has-background-dim\"><\/span><div class=\"wp-block-cover__inner-container has-global-padding is-layout-constrained wp-block-cover-is-layout-constrained\">\n<section class=\"wp-block-group alignfull has-global-padding is-layout-constrained wp-container-core-group-is-layout-cfb15881 wp-block-group-is-layout-constrained\" style=\"margin-top:0px;padding-top:4.01rem;padding-right:1rem;padding-bottom:5.01rem;padding-left:1rem;font-size:clamp(0.875rem, 0.875rem + ((1vw - 0.2rem) * 0.464), 1.13rem);font-style:normal;font-weight:400;line-height:1.4\">\n<div class=\"wp-block-columns is-layout-flex wp-container-core-columns-is-layout-a86bf794 wp-block-columns-is-layout-flex\" style=\"margin-bottom:0px\">\n<div class=\"wp-block-column has-global-padding is-layout-constrained wp-container-core-column-is-layout-b4ec969c wp-block-column-is-layout-constrained\" style=\"padding-top:2.01rem\">\n<div class=\"wp-block-group has-global-padding is-layout-constrained wp-container-core-group-is-layout-dca71664 wp-block-group-is-layout-constrained\" style=\"min-height:100%\">\n<h3 class=\"wp-block-heading has-text-align-center has-text-color\" style=\"color:#fffffd;margin-top:0.5rem;margin-bottom:0rem;font-size:clamp(1.556rem, 1.556rem + ((1vw - 0.2rem) * 1.916), 2.61rem);font-style:normal;font-weight:500;letter-spacing:0px;line-height:1.3\">Freezbe s&rsquo;engage pour votre r\u00e9ussite <\/h3>\n\n\n\n<p class=\"has-text-align-center has-text-color\" style=\"color:#fffffd;margin-top:0rem;font-size:clamp(0.875rem, 0.875rem + ((1vw - 0.2rem) * 0.773), 1.3rem);font-style:normal;font-weight:400;line-height:1.5\">Chez Freezbe, nous pla\u00e7ons vos exigences techniques au c\u0153ur de notre d\u00e9marche. Nos solutions de r\u00e9frig\u00e9ration sont enti\u00e8rement adaptables \u00e0 votre environnement, \u00e0 vos volumes et \u00e0 vos contraintes op\u00e9rationnelles. Gr\u00e2ce \u00e0 une conception optimis\u00e9e, nous vous aidons \u00e0 r\u00e9duire durablement votre consommation \u00e9nerg\u00e9tique tout en maintenant une performance thermique optimale.<\/p>\n\n\n\n<div class=\"wp-block-group is-vertical is-content-justification-stretch is-layout-flex wp-container-core-group-is-layout-53ad70e0 wp-block-group-is-layout-flex\" style=\"margin-top:1.61rem;padding-right:0px;padding-left:0px\">\n<div class=\"wp-block-group has-global-padding is-content-justification-center is-layout-constrained wp-container-core-group-is-layout-2f0bcb29 wp-block-group-is-layout-constrained\" style=\"margin-top:0px\">\n<div class=\"wp-block-buttons is-horizontal is-content-justification-right is-layout-flex wp-container-core-buttons-is-layout-099266fd wp-block-buttons-is-layout-flex\" style=\"margin-top:0.51rem\">\n<div class=\"wp-block-button has-custom-width wp-block-button__width-100 is-style-fill\"><a class=\"wp-block-button__link has-text-color has-background has-custom-font-size wp-element-button\" href=\"https:\/\/freezbefrance.com\/index.php\/contact\/\" style=\"border-style:none;border-width:0px;border-radius:0rem;color:#e27013;background-color:#fffffd;padding-top:0.71rem;padding-right:0.31rem;padding-bottom:0.71rem;padding-left:0.31rem;font-size:clamp(0.875rem, 0.875rem + ((1vw - 0.2rem) * 0.245), 1.01rem);font-style:normal;font-weight:600;line-height:1.5;text-transform:uppercase\">Explorez nos Solutions !<\/a><\/div>\n<\/div>\n<\/div>\n<\/div>\n<\/div>\n<\/div>\n\n\n\n<div class=\"wp-block-column is-vertically-aligned-center is-layout-flow wp-block-column-is-layout-flow\" style=\"padding-right:1rem;padding-left:1rem;flex-basis:40%\">\n<figure class=\"wp-block-image aligncenter size-full is-resized has-custom-border is-style-default\"><img loading=\"lazy\" decoding=\"async\" width=\"609\" height=\"597\" src=\"https:\/\/freezbefrance.com\/wp-content\/uploads\/2025\/05\/fruit-glacon-plaquette.png\" alt=\"\" class=\"wp-image-804\" style=\"border-style:none;border-width:0px;width:418px;height:auto\" srcset=\"https:\/\/freezbefrance.com\/wp-content\/uploads\/2025\/05\/fruit-glacon-plaquette.png 609w, https:\/\/freezbefrance.com\/wp-content\/uploads\/2025\/05\/fruit-glacon-plaquette-300x294.png 300w\" sizes=\"auto, (max-width: 609px) 100vw, 609px\" \/><\/figure>\n<\/div>\n<\/div>\n<\/section>\n<\/div><\/div>\n\n\n\n<section class=\"wp-block-cover alignfull is-light\" style=\"margin-top:0px;padding-top:1.01rem;padding-bottom:1.01rem;min-height:430px;aspect-ratio:unset;\"><img loading=\"lazy\" decoding=\"async\" width=\"993\" height=\"392\" class=\"wp-block-cover__image-background wp-image-898 size-full\" alt=\"\" src=\"https:\/\/freezbefrance.com\/wp-content\/uploads\/2025\/05\/Capture-decran-2025-05-21-191031.png\" data-object-fit=\"cover\" srcset=\"https:\/\/freezbefrance.com\/wp-content\/uploads\/2025\/05\/Capture-decran-2025-05-21-191031.png 993w, https:\/\/freezbefrance.com\/wp-content\/uploads\/2025\/05\/Capture-decran-2025-05-21-191031-300x118.png 300w, https:\/\/freezbefrance.com\/wp-content\/uploads\/2025\/05\/Capture-decran-2025-05-21-191031-768x303.png 768w\" sizes=\"auto, (max-width: 993px) 100vw, 993px\" \/><span aria-hidden=\"true\" class=\"wp-block-cover__background has-background-dim-0 has-background-dim\" style=\"background-color:#edf1f2\"><\/span><div class=\"wp-block-cover__inner-container has-global-padding is-layout-constrained wp-container-core-cover-is-layout-b1bebcb3 wp-block-cover-is-layout-constrained\">\n<div class=\"wp-block-group has-text-color is-layout-flow wp-block-group-is-layout-flow\" style=\"color:#fffffd;margin-top:0px;padding-top:0rem;padding-right:1rem;padding-bottom:0rem;padding-left:1rem;font-size:clamp(0.875rem, 0.875rem + ((1vw - 0.2rem) * 0.464), 1.13rem);font-style:normal;font-weight:400;line-height:1.4\">\n<div class=\"wp-block-group has-global-padding is-layout-constrained wp-container-core-group-is-layout-bdbfdc43 wp-block-group-is-layout-constrained\">\n<h2 class=\"wp-block-heading has-text-align-center has-text-color\" style=\"color:#0d0d0d;margin-bottom:0rem;font-size:clamp(1.507rem, 1.507rem + ((1vw - 0.2rem) * 1.824), 2.51rem);font-style:normal;font-weight:400;line-height:1.2\">Choisir Freezbe va \u00eatre la meilleure d\u00e9cision pour la qualit\u00e9 et la durabilit\u00e9 de vos produits !<\/h2>\n<\/div>\n\n\n\n<div class=\"wp-block-group is-vertical is-content-justification-stretch is-layout-flex wp-container-core-group-is-layout-bfdebe91 wp-block-group-is-layout-flex\" style=\"margin-top:1.81rem;padding-right:0px;padding-left:0px\">\n<div class=\"wp-block-group has-global-padding is-content-justification-center is-layout-constrained wp-container-core-group-is-layout-2f0bcb29 wp-block-group-is-layout-constrained\" style=\"margin-top:0px\"><\/div>\n<\/div>\n<\/div>\n<\/div><\/section>\n\n\n\n<p><\/p>\n","protected":false},"excerpt":{"rendered":"<p>Notre ADN : ma\u00eetriser le froid, pr\u00e9server la qualit\u00e9, respecter la plan\u00e8te Chez Freezbe, nous croyons que la ma\u00eetrise du froid est bien plus qu\u2019une question de performance : c\u2019est un levier essentiel pour garantir la fiabilit\u00e9, la s\u00e9curit\u00e9 et la durabilit\u00e9 des process.Qu\u2019il s\u2019agisse d\u2019agroalimentaire, de pharmaceutique ou d\u2019industries diverses, notre mission est d\u2019accompagner [&hellip;]<\/p>\n","protected":false},"author":1,"featured_media":0,"parent":0,"menu_order":0,"comment_status":"closed","ping_status":"closed","template":"","meta":{"_kadence_starter_templates_imported_post":false,"footnotes":""},"class_list":["post-746","page","type-page","status-publish","hentry"],"_links":{"self":[{"href":"https:\/\/freezbefrance.com\/index.php\/wp-json\/wp\/v2\/pages\/746","targetHints":{"allow":["GET"]}}],"collection":[{"href":"https:\/\/freezbefrance.com\/index.php\/wp-json\/wp\/v2\/pages"}],"about":[{"href":"https:\/\/freezbefrance.com\/index.php\/wp-json\/wp\/v2\/types\/page"}],"author":[{"embeddable":true,"href":"https:\/\/freezbefrance.com\/index.php\/wp-json\/wp\/v2\/users\/1"}],"replies":[{"embeddable":true,"href":"https:\/\/freezbefrance.com\/index.php\/wp-json\/wp\/v2\/comments?post=746"}],"version-history":[{"count":36,"href":"https:\/\/freezbefrance.com\/index.php\/wp-json\/wp\/v2\/pages\/746\/revisions"}],"predecessor-version":[{"id":934,"href":"https:\/\/freezbefrance.com\/index.php\/wp-json\/wp\/v2\/pages\/746\/revisions\/934"}],"wp:attachment":[{"href":"https:\/\/freezbefrance.com\/index.php\/wp-json\/wp\/v2\/media?parent=746"}],"curies":[{"name":"wp","href":"https:\/\/api.w.org\/{rel}","templated":true}]}}